{"id":70,"date":"2021-10-25T17:05:44","date_gmt":"2021-10-25T09:05:44","guid":{"rendered":"https:\/\/allmusing.net\/chinese-lyrics-pinyin\/?page_id=70"},"modified":"2021-10-25T17:12:41","modified_gmt":"2021-10-25T09:12:41","slug":"home","status":"publish","type":"page","link":"https:\/\/allmusing.net\/chinese-lyrics-pinyin\/","title":{"rendered":"Home"},"content":{"rendered":"\n<h2 class=\"wp-block-heading\">Latest Rap\/Hip-Hop Song Pinyin Lyrics<\/h2>\n\n\n<ul class=\"wp-block-latest-posts__list wp-block-latest-posts\"><li><a class=\"wp-block-latest-posts__post-title\" href=\"https:\/\/allmusing.net\/chinese-lyrics-pinyin\/100-2\/622\/\">100<\/a><div class=\"wp-block-latest-posts__post-excerpt\">Song Title: 100Singer: Tizzy TRelease Date: 2022-09-25<\/div><\/li>\n<li><a class=\"wp-block-latest-posts__post-title\" href=\"https:\/\/allmusing.net\/chinese-lyrics-pinyin\/shuaige-rapper-feat-babybo\/426\/\">\u5e05\u54e5 RAPPER (feat. BABYBO)<\/a><div class=\"wp-block-latest-posts__post-excerpt\">Song Title: \u5e05\u54e5(Shu\u00e0ig\u0113) RAPPER (feat. BABYBO)Singer: KnowKnow\/BABYBORelease Date: 2021-05-02<\/div><\/li>\n<li><a class=\"wp-block-latest-posts__post-title\" href=\"https:\/\/allmusing.net\/chinese-lyrics-pinyin\/shao-shu-pai-bao-gao\/425\/\">\u5c11\u6570\u6d3e\u62a5\u544a<\/a><div class=\"wp-block-latest-posts__post-excerpt\">Song Title: \u5c11\u6570\u6d3e\u62a5\u544a (Sh\u01ceosh\u00f9 p\u00e0i b\u00e0og\u00e0o)Singer: Tizzy TRelease Date: 2021-05-11<\/div><\/li>\n<li><a class=\"wp-block-latest-posts__post-title\" href=\"https:\/\/allmusing.net\/chinese-lyrics-pinyin\/shi-kong\/424\/\">\u5931\u63a7<\/a><div class=\"wp-block-latest-posts__post-excerpt\">Song Title: \u5931\u63a7 (Sh\u012bk\u00f2ng)Singer: Tizzy TRelease Date: 2021-05-07<\/div><\/li>\n<li><a class=\"wp-block-latest-posts__post-title\" href=\"https:\/\/allmusing.net\/chinese-lyrics-pinyin\/wo-yao-chuangzao-yige-you-ni-de-shijie\/423\/\">\u6211\u8981\u521b\u9020\u4e00\u4e2a\u6709\u4f60\u7684\u4e16\u754c<\/a><div class=\"wp-block-latest-posts__post-excerpt\">Song Title: \u6211\u8981\u521b\u9020\u4e00\u4e2a\u6709\u4f60\u7684\u4e16\u754c (W\u01d2 y\u00e0o chu\u00e0ngz\u00e0o y\u012bg\u00e8 y\u01d2u n\u01d0 de sh\u00ecji\u00e8)Singer: R1SERelease Date: 2021-04-29<\/div><\/li>\n<li><a class=\"wp-block-latest-posts__post-title\" href=\"https:\/\/allmusing.net\/chinese-lyrics-pinyin\/lan-ni\/422\/\">\u70c2\u6ce5<\/a><div class=\"wp-block-latest-posts__post-excerpt\">Song Title: \u70c2\u6ce5 (L\u00e0nn\u00ed)Singer: \u5510\u6c49\u9704 (T\u00e1ng H\u00e0nxi\u0101o)Release Date: 2021-06-05<\/div><\/li>\n<li><a class=\"wp-block-latest-posts__post-title\" href=\"https:\/\/allmusing.net\/chinese-lyrics-pinyin\/lao-wu-suo-yi\/420\/\">\u8001\u65e0\u6240\u4f9d<\/a><div class=\"wp-block-latest-posts__post-excerpt\">Song Title: \u8001\u65e0\u6240\u4f9d (L\u01ceo W\u00fa Su\u01d2 Y\u012b)Singer: \u738b\u9f50\u94edWatchMeRelease Date: 2021-06-05<\/div><\/li>\n<li><a class=\"wp-block-latest-posts__post-title\" href=\"https:\/\/allmusing.net\/chinese-lyrics-pinyin\/jie-bing-lonely\/418\/\">\u7ed3\u51b0(Lonely)<\/a><div class=\"wp-block-latest-posts__post-excerpt\">Song Title: \u7ed3\u51b0(Lonely)(Ji\u00e9 b\u012bng)Singer: IN-K\/\u82cf\u661f\u5a55 (S\u016b X\u012bngji\u00e9)\/\u4e00\u5934\u8001\u864e (Y\u012bt\u00f3u L\u01ceoh\u01d4)Release Date: 2021-05-24<\/div><\/li>\n<li><a class=\"wp-block-latest-posts__post-title\" href=\"https:\/\/allmusing.net\/chinese-lyrics-pinyin\/bie-rang-ni-nu-pengyou-gei-wo-da-dianhua\/416\/\">\u522b\u8ba9\u4f60\u5973\u670b\u53cb\u7ed9\u6211\u6253\u7535\u8bdd<\/a><div class=\"wp-block-latest-posts__post-excerpt\">Song Title: \u522b\u8ba9\u4f60\u5973\u670b\u53cb\u7ed9\u6211\u6253\u7535\u8bdd (Bi\u00e9 r\u00e0ng n\u01d0 n\u01da p\u00e9ngy\u01d2u g\u011bi w\u01d2 d\u01ce di\u00e0nhu\u00e0)Singer: \u5f39\u58f3 (Danko)Release Date: 2021-05-30<\/div><\/li>\n<li><a class=\"wp-block-latest-posts__post-title\" href=\"https:\/\/allmusing.net\/chinese-lyrics-pinyin\/o-huo\/411\/\">\u54e6\u56af<\/a><div class=\"wp-block-latest-posts__post-excerpt\">Song Title: \u54e6\u56af (\u00d3 hu\u00f2)Singer: \u5e03\u745e\u5409Bridge\/\u6cd5\u8001 (Pharaoh)Release Date: 2021-06-19<\/div><\/li>\n<\/ul>\n\n\n<h2 class=\"wp-block-heading\">Latest Pop Ballad Song Pinyin Lyrics<\/h2>\n\n\n<ul class=\"wp-block-latest-posts__list wp-block-latest-posts\"><li><a class=\"wp-block-latest-posts__post-title\" href=\"https:\/\/allmusing.net\/chinese-lyrics-pinyin\/ye-xu\/620\/\">\u4e5f\u8bb8<\/a><div class=\"wp-block-latest-posts__post-excerpt\">Song Title: \u4e5f\u8bb8 (Y\u011bx\u01d4)(Maybe)Singer: \u738b\u5fd7\u5fc3 (W\u00e1ng zh\u00ecx\u012bn)Release Date: 2022-09-28<\/div><\/li>\n<li><a class=\"wp-block-latest-posts__post-title\" href=\"https:\/\/allmusing.net\/chinese-lyrics-pinyin\/mei-mei\/617\/\">\u7f8e\u7f8e<\/a><div class=\"wp-block-latest-posts__post-excerpt\">Song Title: \u7f8e\u7f8e (M\u011bi m\u011bi)Singer: \u5468\u6df1 (Zh\u014du Sh\u0113n)Release Date: 2022-09-29<\/div><\/li>\n<li><a class=\"wp-block-latest-posts__post-title\" href=\"https:\/\/allmusing.net\/chinese-lyrics-pinyin\/chen-xiang\/613\/\">\u6c89\u9999<\/a><div class=\"wp-block-latest-posts__post-excerpt\">Song Title: \u6c89\u9999(Ch\u00e9n xi\u0101ng)Singer: \u5f20\u6770\/\u5f20\u9753\u9896 (Zh\u0101ng Ji\u00e9\/Zh\u0101ng J\u00ecngy\u01d0ng)Release Date: 2022-02-14<\/div><\/li>\n<li><a class=\"wp-block-latest-posts__post-title\" href=\"https:\/\/allmusing.net\/chinese-lyrics-pinyin\/ni-zhide-bei-hao-hao-aizhe\/428\/\">\u4f60\u503c\u5f97\u88ab\u597d\u597d\u7231\u7740<\/a><div class=\"wp-block-latest-posts__post-excerpt\">Song Title: \u4f60\u503c\u5f97\u88ab\u597d\u597d\u7231\u7740 (N\u01d0 zh\u00edd\u00e9 b\u00e8i h\u01ceoh\u01ceo \u00e0izhe)Singer: \u91d1\u739f\u5c90 Vanessa KimRelease Date: 2021-10-11<\/div><\/li>\n<li><a class=\"wp-block-latest-posts__post-title\" href=\"https:\/\/allmusing.net\/chinese-lyrics-pinyin\/keke-tuo-hai-de-muyang-ren\/427\/\">\u53ef\u53ef\u6258\u6d77\u7684\u7267\u7f8a\u4eba<\/a><div class=\"wp-block-latest-posts__post-excerpt\">Song Title: \u53ef\u53ef\u6258\u6d77\u7684\u7267\u7f8a\u4eba (K\u011bk\u011b tu\u014d h\u01cei de m\u00f9y\u00e1ng r\u00e9n)Singer: \u738b\u742a (W\u00e1ng Q\u00ed)Release Date: 2020-05-07<\/div><\/li>\n<li><a class=\"wp-block-latest-posts__post-title\" href=\"https:\/\/allmusing.net\/chinese-lyrics-pinyin\/bei-ren\/327\/\">\u88ab\u4eba<\/a><div class=\"wp-block-latest-posts__post-excerpt\">Song Title: \u88ab\u4eba (B\u00e8i r\u00e9n)Singer: Joker Xue \u859b\u4e4b\u8c26Release Date: 2021-06-23<\/div><\/li>\n<li><a class=\"wp-block-latest-posts__post-title\" href=\"https:\/\/allmusing.net\/chinese-lyrics-pinyin\/na-nian-nian-shao\/325\/\">\u90a3\u5e74\u00b7\u5e74\u5c11<\/a><div class=\"wp-block-latest-posts__post-excerpt\">Song Title: \u90a3\u5e74\u00b7\u5e74\u5c11 (N\u00e0 ni\u00e1n \u00b7 ni\u00e1nsh\u00e0o)Singer: \u5b8b\u5b87\u5b81 (S\u00f2ng Y\u01d4n\u00edng)Release Date: 2020-11-13<\/div><\/li>\n<li><a class=\"wp-block-latest-posts__post-title\" href=\"https:\/\/allmusing.net\/chinese-lyrics-pinyin\/xiao-pengyou\/324\/\">\u5c0f\u670b\u53cb<\/a><div class=\"wp-block-latest-posts__post-excerpt\">Song Title: \u5c0f\u670b\u53cb (Xi\u01ceo P\u00e9ngy\u01d2u)Singer: \u4efb\u7136 (R\u00e8n R\u00e1n)Release Date: 2021-07-03<\/div><\/li>\n<li><a class=\"wp-block-latest-posts__post-title\" href=\"https:\/\/allmusing.net\/chinese-lyrics-pinyin\/wen-hua\/315\/\">\u95ee\u82b1<\/a><div class=\"wp-block-latest-posts__post-excerpt\">Song Title: \u95ee\u82b1 (W\u00e8n hu\u0101)Singer: \u5468\u6df1 (Zh\u014du Sh\u0113n)Release Date: 2021-07-15<\/div><\/li>\n<li><a class=\"wp-block-latest-posts__post-title\" href=\"https:\/\/allmusing.net\/chinese-lyrics-pinyin\/wu-wang\/311\/\">\u65e0\u5fd8<\/a><div class=\"wp-block-latest-posts__post-excerpt\">Song Title: \u65e0\u5fd8 (W\u00fa w\u00e0ng)Singer: \u5f20\u9753\u9896 (Zh\u0101ng J\u00ecngy\u01d0ng)Release Date: 2021-08-14<\/div><\/li>\n<\/ul>\n\n\n<h2 class=\"wp-block-heading\">Latest Pop Song Pinyin Lyrics<\/h2>\n\n\n<ul class=\"wp-block-latest-posts__list wp-block-latest-posts\"><li><a class=\"wp-block-latest-posts__post-title\" href=\"https:\/\/allmusing.net\/chinese-lyrics-pinyin\/yishi-de-xintiao\/624\/\">\u9057\u5931\u7684\u5fc3\u8df3<\/a><div class=\"wp-block-latest-posts__post-excerpt\">Song Title: \u9057\u5931\u7684\u5fc3\u8df3 (Y\u00edsh\u012b de x\u012bnti\u00e0o)(lost heartbeat)Singer: \u82cf\u661f\u5a55 (S\u016b x\u012bngji\u00e9)Release Date: 2022-09-17<\/div><\/li>\n<li><a class=\"wp-block-latest-posts__post-title\" href=\"https:\/\/allmusing.net\/chinese-lyrics-pinyin\/hui-mou-yi-xia\/618\/\">\u56de\u7738\u4e00\u590f<\/a><div class=\"wp-block-latest-posts__post-excerpt\">Song Title: \u56de\u7738\u4e00\u590f (Hu\u00edm\u00f3u y\u012b xi\u00e0)(Looking back on a summer)Singer: INTO1-\u7c73\u5361 (M\u01d0 k\u01ce)Release Date: 2022-09-26<\/div><\/li>\n<li><a class=\"wp-block-latest-posts__post-title\" href=\"https:\/\/allmusing.net\/chinese-lyrics-pinyin\/mei-gui-shao-nian\/616\/\">\u73ab\u7470\u5c11\u5e74<\/a><div class=\"wp-block-latest-posts__post-excerpt\">Song Title: \u73ab\u7470\u5c11\u5e74 (M\u00e9igu\u012b sh\u00e0oni\u00e1n)(rose boy)Singer: \u738b\u9756\u96ef (W\u00e1ng j\u00ecngw\u00e9n)Release Date: 2022-09-30<\/div><\/li>\n<li><a class=\"wp-block-latest-posts__post-title\" href=\"https:\/\/allmusing.net\/chinese-lyrics-pinyin\/tiaowu-de-yueguang\/322\/\">\u8df3\u821e\u7684\u6708\u5149<\/a><div class=\"wp-block-latest-posts__post-excerpt\">Song Title: \u8df3\u821e\u7684\u6708\u5149 (Ti\u00e0ow\u01d4 de yu\u00e8gu\u0101ng)Singer: \u5468\u6df1 (Zh\u014du Sh\u0113n)Release Date: 2021-07-09<\/div><\/li>\n<li><a class=\"wp-block-latest-posts__post-title\" href=\"https:\/\/allmusing.net\/chinese-lyrics-pinyin\/sweet\/321\/\">Sweet<\/a><div class=\"wp-block-latest-posts__post-excerpt\">Song Title: SweetSinger: \u9f9a\u4fca (G\u014dng j\u00f9n)Release Date: 2021-07-12<\/div><\/li>\n<li><a class=\"wp-block-latest-posts__post-title\" href=\"https:\/\/allmusing.net\/chinese-lyrics-pinyin\/xianru-aiqing\/319\/\">\u9677\u5165\u7231\u60c5<\/a><div class=\"wp-block-latest-posts__post-excerpt\">Song Title: \u9677\u5165\u7231\u60c5 (Xi\u00e0nr\u00f9 \u00e0iq\u00edng)Singer: \u786c\u7cd6\u5c11\u5973303\u5e0c\u6797\u5a1c\u4f9d\u00b7\u9ad8\/INTO1-\u7c73\u5361Release Date: 2021-07-28<\/div><\/li>\n<li><a class=\"wp-block-latest-posts__post-title\" href=\"https:\/\/allmusing.net\/chinese-lyrics-pinyin\/bian-fei-wei-bao\/316\/\">\u53d8\u5e9f\u4e3a\u5b9d<\/a><div class=\"wp-block-latest-posts__post-excerpt\">Song Title: \u53d8\u5e9f\u4e3a\u5b9d (Bi\u00e0n f\u00e8i w\u00e9i b\u01ceo)Singer: \u859b\u4e4b\u8c26 (Xu\u0113 Zh\u012bqi\u0101n)Release Date: 2021-07-17<\/div><\/li>\n<li><a class=\"wp-block-latest-posts__post-title\" href=\"https:\/\/allmusing.net\/chinese-lyrics-pinyin\/feng-chui-yixia\/314\/\">\u98ce\u5439\u4e00\u590f<\/a><div class=\"wp-block-latest-posts__post-excerpt\">Song Title: \u98ce\u5439\u4e00\u590f (F\u0113ng chu\u012b y\u012b xi\u00e0)Singer: DP\u9f99\u732a \/Swei\u6c34 \/Rays\u9648\u8881Release Date: 2021-06-10<\/div><\/li>\n<li><a class=\"wp-block-latest-posts__post-title\" href=\"https:\/\/allmusing.net\/chinese-lyrics-pinyin\/buru\/312\/\">\u4e0d\u5982<\/a><div class=\"wp-block-latest-posts__post-excerpt\">Song Title: \u4e0d\u5982 (B\u00f9r\u00fa)Singer: \u79e6\u6d77\u6e05 (Q\u00edn H\u01ceiq\u012bng)Release Date: 2021-05-17<\/div><\/li>\n<li><a class=\"wp-block-latest-posts__post-title\" href=\"https:\/\/allmusing.net\/chinese-lyrics-pinyin\/yusheng-qing-duo-zhijiao\/309\/\">\u4f59\u751f\uff0c\u8bf7\u591a\u6307\u6559<\/a><div class=\"wp-block-latest-posts__post-excerpt\">Song Title: \u4f59\u751f\uff0c\u8bf7\u591a\u6307\u6559 (Y\u00fash\u0113ng, q\u01d0ng du\u014d zh\u01d0ji\u00e0o)Singer: \u6768\u7d2b (Y\u00e1ng Z\u01d0) \/\u8096\u6218 (Sean Xi\u00e0o Zh\u00e0n)Release Date: 2021-08-14<\/div><\/li>\n<\/ul>","protected":false},"excerpt":{"rendered":"<p>Latest Rap\/Hip-Hop Song Pinyin Lyrics Latest Pop Ballad Song Pinyin Lyrics Latest Pop Song Pinyin Lyrics<\/p>\n","protected":false},"author":2,"featured_media":0,"parent":0,"menu_order":0,"comment_status":"closed","ping_status":"closed","template":"","meta":{"footnotes":""},"_links":{"self":[{"href":"https:\/\/allmusing.net\/chinese-lyrics-pinyin\/wp-json\/wp\/v2\/pages\/70"}],"collection":[{"href":"https:\/\/allmusing.net\/chinese-lyrics-pinyin\/wp-json\/wp\/v2\/pages"}],"about":[{"href":"https:\/\/allmusing.net\/chinese-lyrics-pinyin\/wp-json\/wp\/v2\/types\/page"}],"author":[{"embeddable":true,"href":"https:\/\/allmusing.net\/chinese-lyrics-pinyin\/wp-json\/wp\/v2\/users\/2"}],"replies":[{"embeddable":true,"href":"https:\/\/allmusing.net\/chinese-lyrics-pinyin\/wp-json\/wp\/v2\/comments?post=70"}],"version-history":[{"count":0,"href":"https:\/\/allmusing.net\/chinese-lyrics-pinyin\/wp-json\/wp\/v2\/pages\/70\/revisions"}],"wp:attachment":[{"href":"https:\/\/allmusing.net\/chinese-lyrics-pinyin\/wp-json\/wp\/v2\/media?parent=70"}],"curies":[{"name":"wp","href":"https:\/\/api.w.org\/{rel}","templated":true}]}}